{"id":835,"date":"2021-10-30T18:45:18","date_gmt":"2021-10-30T18:45:18","guid":{"rendered":"https:\/\/redes3d.com\/cookie-policy\/"},"modified":"2023-07-07T09:41:39","modified_gmt":"2023-07-07T09:41:39","slug":"cookie-policy","status":"publish","type":"page","link":"https:\/\/redes3d.com\/en\/cookie-policy\/","title":{"rendered":"Cookie Policy"},"content":{"rendered":"\t\t<div data-elementor-type=\"wp-page\" data-elementor-id=\"835\" class=\"elementor elementor-835 elementor-44\" data-elementor-post-type=\"page\">\n\t\t\t\t\t\t<section class=\"elementor-section elementor-top-section elementor-element elementor-element-1908d0b0 elementor-section-boxed elementor-section-height-default elementor-section-height-default\" data-id=\"1908d0b0\" data-element_type=\"section\">\n\t\t\t\t\t\t<div class=\"elementor-container elementor-column-gap-default\">\n\t\t\t\t\t<div class=\"elementor-column elementor-col-100 elementor-top-column elementor-element elementor-element-7e1cf326\" data-id=\"7e1cf326\" data-element_type=\"column\" data-settings=\"{&quot;background_background&quot;:&quot;classic&quot;}\">\n\t\t\t<div class=\"elementor-widget-wrap elementor-element-populated\">\n\t\t\t\t\t\t<div class=\"elementor-element elementor-element-77908a34 elementor-invisible elementor-widget elementor-widget-heading\" data-id=\"77908a34\" data-element_type=\"widget\" data-settings=\"{&quot;_animation&quot;:&quot;fadeInLeft&quot;}\" data-widget_type=\"heading.default\">\n\t\t\t\t<div class=\"elementor-widget-container\">\n\t\t\t\t\t<h2 class=\"elementor-heading-title elementor-size-default\">COOKIES POLICY<\/h2>\t\t\t\t<\/div>\n\t\t\t\t<\/div>\n\t\t\t\t\t<\/div>\n\t\t<\/div>\n\t\t\t\t\t<\/div>\n\t\t<\/section>\n\t\t\t\t<section class=\"elementor-section elementor-top-section elementor-element elementor-element-5896e021 elementor-section-boxed elementor-section-height-default elementor-section-height-default\" data-id=\"5896e021\" data-element_type=\"section\">\n\t\t\t\t\t\t<div class=\"elementor-container elementor-column-gap-default\">\n\t\t\t\t\t<div class=\"elementor-column elementor-col-100 elementor-top-column elementor-element elementor-element-464c377e\" data-id=\"464c377e\" data-element_type=\"column\">\n\t\t\t<div class=\"elementor-widget-wrap elementor-element-populated\">\n\t\t\t\t\t\t<div class=\"elementor-element elementor-element-3f3be580 elementor-invisible elementor-widget elementor-widget-text-editor\" data-id=\"3f3be580\" data-element_type=\"widget\" data-settings=\"{&quot;_animation&quot;:&quot;fadeInUp&quot;}\" data-widget_type=\"text-editor.default\">\n\t\t\t\t<div class=\"elementor-widget-container\">\n\t\t\t\t\t\t\t\t\t<p><strong>ASISTENCIA INTEGRAL REDES 3 DIMENSIONES S.L.<\/strong> in compliance with Law 34\/2002, of July 11, 2002, on information society services and electronic commerce (LSSI). Consolidated text as of May 10, 2014 (Articles 2 in relation to the definition in Annex a), 22.2, 37, 38.4 g), 38.3 i)) informs about the Cookie Policy of its website through the following paragraphs.  <\/p>\n<p>For more information about this policy or others on the website: <a href=\"mailto:redes@redes3d.com\">redes@redes3d.com.<\/a><\/p>\n<h5>WHAT ARE COOKIES?<\/h5>\n<p>A cookie is a file that is downloaded and stored on the user&#8217;s computer when accessing certain web pages, to store and retrieve information about the navigation performed from that computer.<\/p>\n<p>Cookies are essential for the operation of the Internet, providing advantages for the provision of interactive services, facilitating navigation and usability of our website. Please note that cookies cannot harm your computer and that in return the fact that they are enabled helps us to identify and resolve errors.<\/p>\n<h5>WHAT COOKIES DO WE USE AND WHAT ARE THEY FOR?<\/h5>\n<p>Our website REDES3D.com uses so-called &#8220;Third Party Cookies&#8221;, more specifically GOOGLE ANALYTICS, an analytics service provided by Google, Inc. (&#8220;Google&#8221;). The information generated by the cookie about your use of the website (including your IP address) will be transmitted to and stored by Google on servers in the United States. Google will not associate your IP address with any other data held by Google.  <\/p>\n<p>You may refuse the use of cookies by selecting the appropriate settings on your browser, however please note that if you do this you may not be able to use the full functionality of this website.<\/p>\n<p>In addition, you should know that the purpose of these cookies is to collect and unify in reports statistics about the traffic of each website, total audience, visits to specific pages, search engines, browsing times, browser types, referred links, tracking of clicks on certain parts of the site, etc..<\/p>\n<p>For more information about Google Analytics click on the following link:<\/p>\n<p><a style=\"font-size: 15px;\" href=\"https:\/\/www.google.com\/analytics\/learn\/privacy.html?hl=es\">https:\/\/www.google.com\/analytics\/learn\/privacy.html?hl=es<\/a><\/p>\n<h5>BLOCKING OR DISABLING COOKIES<\/h5>\n<p>The user can allow, block or delete the recording of data provided by cookies installed on your computer by configuring the browser options installed on your computer browser plug-in available through the following link:<\/p>\n<p><a style=\"font-size: 15px;\" href=\"https:\/\/tools.google.com\/dlpage\/gaoptout?hl=es\">https:\/\/tools.google.com\/dlpage\/gaoptout?hl=es.<\/a><\/p>\n<p>We also provide the following links regarding the blocking or disabling of cookies in different browsers:<\/p>\n<ul style=\"font-size: 15px;\">\n<li>Information about Firefox: <a href=\"https:\/\/support.mozilla.org\/es\/kb\/cookies-informacion-que-los-sitios-web-guardan-en-\">https:\/\/support.mozilla.org\/es\/kb\/cookies-informacion-que-los-sitios-web-guardan-en-<\/a><\/li>\n<li>Information about Explorer: <a href=\"http:\/\/windows.microsoft.com\/es-es\/windows7\/how-to-manage-cookies-in-internet-explorer-9\">http:\/\/windows.microsoft.com\/es-es\/windows7\/how-to-manage-cookies-in-internet-explorer-9<\/a><\/li>\n<li>Safari Information: <a href=\"http:\/\/support.apple.com\/kb\/ph5042\">http:\/\/support.apple.com\/kb\/ph5042<\/a><\/li>\n<li>Information about Opera: <a href=\"http:\/\/help.opera.com\/Windows\/11.50\/es-ES\/cookies.html\">http:\/\/help.opera.com\/Windows\/11.50\/es-ES\/cookies.html<\/a><\/li>\n<li>Information about Google: <a href=\"http:\/\/support.google.com\/chrome\/bin\/answer.py?hl=es&amp;answer=95647\">http:\/\/support.google.com\/chrome\/bin\/answer.py?hl=es&amp;answer=95647<\/a><\/li>\n<\/ul>\n\t\t\t\t\t\t\t\t<\/div>\n\t\t\t\t<\/div>\n\t\t\t\t\t<\/div>\n\t\t<\/div>\n\t\t\t\t\t<\/div>\n\t\t<\/section>\n\t\t\t\t<\/div>\n\t\t","protected":false},"excerpt":{"rendered":"<p>COOKIES POLICY ASISTENCIA INTEGRAL REDES 3 DIMENSIONES S.L. in compliance with Law 34\/2002, of July 11, 2002, on information society services and electronic commerce (LSSI). Consolidated text as of May 10, 2014 (Articles 2 in relation to the definition in Annex a), 22.2, 37, 38.4 g), 38.3 i)) informs about the Cookie Policy of its [&hellip;]<\/p>\n","protected":false},"author":1,"featured_media":0,"parent":0,"menu_order":0,"comment_status":"closed","ping_status":"closed","template":"","meta":{"footnotes":""},"class_list":["post-835","page","type-page","status-publish","czr-hentry"],"yoast_head":"<!-- This site is optimized with the Yoast SEO plugin v27.5 - https:\/\/yoast.com\/product\/yoast-seo-wordpress\/ -->\n<title>Cookie Policy - Redes3d<\/title>\n<meta name=\"description\" content=\"The cookies policy informs the user accessing the site about the type of cookies used and for what purpose.\" \/>\n<meta name=\"robots\" content=\"index, follow, max-snippet:-1, max-image-preview:large, max-video-preview:-1\" \/>\n<link rel=\"canonical\" href=\"https:\/\/redes3d.com\/en\/?page_id=835\" \/>\n<meta property=\"og:locale\" content=\"en_US\" \/>\n<meta property=\"og:type\" content=\"article\" \/>\n<meta property=\"og:title\" content=\"Cookie Policy - Redes3d\" \/>\n<meta property=\"og:description\" content=\"The cookies policy informs the user accessing the site about the type of cookies used and for what purpose.\" \/>\n<meta property=\"og:url\" content=\"https:\/\/redes3d.com\/en\/?page_id=835\" \/>\n<meta property=\"og:site_name\" content=\"Redes3d\" \/>\n<meta property=\"article:modified_time\" content=\"2023-07-07T09:41:39+00:00\" \/>\n<meta name=\"twitter:card\" content=\"summary_large_image\" \/>\n<meta name=\"twitter:label1\" content=\"Est. reading time\" \/>\n\t<meta name=\"twitter:data1\" content=\"2 minutes\" \/>\n<script type=\"application\/ld+json\" class=\"yoast-schema-graph\">{\"@context\":\"https:\\\/\\\/schema.org\",\"@graph\":[{\"@type\":\"WebPage\",\"@id\":\"https:\\\/\\\/redes3d.com\\\/en\\\/?page_id=835\",\"url\":\"https:\\\/\\\/redes3d.com\\\/en\\\/?page_id=835\",\"name\":\"Cookie Policy - Redes3d\",\"isPartOf\":{\"@id\":\"https:\\\/\\\/redes3d.com\\\/#website\"},\"datePublished\":\"2021-10-30T18:45:18+00:00\",\"dateModified\":\"2023-07-07T09:41:39+00:00\",\"description\":\"The cookies policy informs the user accessing the site about the type of cookies used and for what purpose.\",\"breadcrumb\":{\"@id\":\"https:\\\/\\\/redes3d.com\\\/en\\\/?page_id=835#breadcrumb\"},\"inLanguage\":\"en-US\",\"potentialAction\":[{\"@type\":\"ReadAction\",\"target\":[\"https:\\\/\\\/redes3d.com\\\/en\\\/?page_id=835\"]}]},{\"@type\":\"BreadcrumbList\",\"@id\":\"https:\\\/\\\/redes3d.com\\\/en\\\/?page_id=835#breadcrumb\",\"itemListElement\":[{\"@type\":\"ListItem\",\"position\":1,\"name\":\"Portada\",\"item\":\"https:\\\/\\\/redes3d.com\\\/en\\\/\"},{\"@type\":\"ListItem\",\"position\":2,\"name\":\"Cookie Policy\"}]},{\"@type\":\"WebSite\",\"@id\":\"https:\\\/\\\/redes3d.com\\\/#website\",\"url\":\"https:\\\/\\\/redes3d.com\\\/\",\"name\":\"Redes3d\",\"description\":\"Servicios integrales de Ingenier\u00eda, geom\u00e1tica y topograf\u00eda\",\"publisher\":{\"@id\":\"https:\\\/\\\/redes3d.com\\\/#organization\"},\"potentialAction\":[{\"@type\":\"SearchAction\",\"target\":{\"@type\":\"EntryPoint\",\"urlTemplate\":\"https:\\\/\\\/redes3d.com\\\/?s={search_term_string}\"},\"query-input\":{\"@type\":\"PropertyValueSpecification\",\"valueRequired\":true,\"valueName\":\"search_term_string\"}}],\"inLanguage\":\"en-US\"},{\"@type\":\"Organization\",\"@id\":\"https:\\\/\\\/redes3d.com\\\/#organization\",\"name\":\"Redes3d\",\"url\":\"https:\\\/\\\/redes3d.com\\\/\",\"logo\":{\"@type\":\"ImageObject\",\"inLanguage\":\"en-US\",\"@id\":\"https:\\\/\\\/redes3d.com\\\/#\\\/schema\\\/logo\\\/image\\\/\",\"url\":\"https:\\\/\\\/redes3d.com\\\/wp-content\\\/uploads\\\/2021\\\/10\\\/redes-3d.jpg\",\"contentUrl\":\"https:\\\/\\\/redes3d.com\\\/wp-content\\\/uploads\\\/2021\\\/10\\\/redes-3d.jpg\",\"width\":512,\"height\":260,\"caption\":\"Redes3d\"},\"image\":{\"@id\":\"https:\\\/\\\/redes3d.com\\\/#\\\/schema\\\/logo\\\/image\\\/\"}}]}<\/script>\n<!-- \/ Yoast SEO plugin. -->","yoast_head_json":{"title":"Cookie Policy - Redes3d","description":"The cookies policy informs the user accessing the site about the type of cookies used and for what purpose.","robots":{"index":"index","follow":"follow","max-snippet":"max-snippet:-1","max-image-preview":"max-image-preview:large","max-video-preview":"max-video-preview:-1"},"canonical":"https:\/\/redes3d.com\/en\/?page_id=835","og_locale":"en_US","og_type":"article","og_title":"Cookie Policy - Redes3d","og_description":"The cookies policy informs the user accessing the site about the type of cookies used and for what purpose.","og_url":"https:\/\/redes3d.com\/en\/?page_id=835","og_site_name":"Redes3d","article_modified_time":"2023-07-07T09:41:39+00:00","twitter_card":"summary_large_image","twitter_misc":{"Est. reading time":"2 minutes"},"schema":{"@context":"https:\/\/schema.org","@graph":[{"@type":"WebPage","@id":"https:\/\/redes3d.com\/en\/?page_id=835","url":"https:\/\/redes3d.com\/en\/?page_id=835","name":"Cookie Policy - Redes3d","isPartOf":{"@id":"https:\/\/redes3d.com\/#website"},"datePublished":"2021-10-30T18:45:18+00:00","dateModified":"2023-07-07T09:41:39+00:00","description":"The cookies policy informs the user accessing the site about the type of cookies used and for what purpose.","breadcrumb":{"@id":"https:\/\/redes3d.com\/en\/?page_id=835#breadcrumb"},"inLanguage":"en-US","potentialAction":[{"@type":"ReadAction","target":["https:\/\/redes3d.com\/en\/?page_id=835"]}]},{"@type":"BreadcrumbList","@id":"https:\/\/redes3d.com\/en\/?page_id=835#breadcrumb","itemListElement":[{"@type":"ListItem","position":1,"name":"Portada","item":"https:\/\/redes3d.com\/en\/"},{"@type":"ListItem","position":2,"name":"Cookie Policy"}]},{"@type":"WebSite","@id":"https:\/\/redes3d.com\/#website","url":"https:\/\/redes3d.com\/","name":"Redes3d","description":"Servicios integrales de Ingenier\u00eda, geom\u00e1tica y topograf\u00eda","publisher":{"@id":"https:\/\/redes3d.com\/#organization"},"potentialAction":[{"@type":"SearchAction","target":{"@type":"EntryPoint","urlTemplate":"https:\/\/redes3d.com\/?s={search_term_string}"},"query-input":{"@type":"PropertyValueSpecification","valueRequired":true,"valueName":"search_term_string"}}],"inLanguage":"en-US"},{"@type":"Organization","@id":"https:\/\/redes3d.com\/#organization","name":"Redes3d","url":"https:\/\/redes3d.com\/","logo":{"@type":"ImageObject","inLanguage":"en-US","@id":"https:\/\/redes3d.com\/#\/schema\/logo\/image\/","url":"https:\/\/redes3d.com\/wp-content\/uploads\/2021\/10\/redes-3d.jpg","contentUrl":"https:\/\/redes3d.com\/wp-content\/uploads\/2021\/10\/redes-3d.jpg","width":512,"height":260,"caption":"Redes3d"},"image":{"@id":"https:\/\/redes3d.com\/#\/schema\/logo\/image\/"}}]}},"_links":{"self":[{"href":"https:\/\/redes3d.com\/en\/wp-json\/wp\/v2\/pages\/835","targetHints":{"allow":["GET"]}}],"collection":[{"href":"https:\/\/redes3d.com\/en\/wp-json\/wp\/v2\/pages"}],"about":[{"href":"https:\/\/redes3d.com\/en\/wp-json\/wp\/v2\/types\/page"}],"author":[{"embeddable":true,"href":"https:\/\/redes3d.com\/en\/wp-json\/wp\/v2\/users\/1"}],"replies":[{"embeddable":true,"href":"https:\/\/redes3d.com\/en\/wp-json\/wp\/v2\/comments?post=835"}],"version-history":[{"count":2,"href":"https:\/\/redes3d.com\/en\/wp-json\/wp\/v2\/pages\/835\/revisions"}],"predecessor-version":[{"id":851,"href":"https:\/\/redes3d.com\/en\/wp-json\/wp\/v2\/pages\/835\/revisions\/851"}],"wp:attachment":[{"href":"https:\/\/redes3d.com\/en\/wp-json\/wp\/v2\/media?parent=835"}],"curies":[{"name":"wp","href":"https:\/\/api.w.org\/{rel}","templated":true}]}}