{"id":838,"date":"2021-11-05T10:59:47","date_gmt":"2021-11-05T10:59:47","guid":{"rendered":"https:\/\/redes3d.com\/work\/"},"modified":"2023-07-27T11:16:46","modified_gmt":"2023-07-27T11:16:46","slug":"work","status":"publish","type":"page","link":"https:\/\/redes3d.com\/en\/work\/","title":{"rendered":"Work"},"content":{"rendered":"\t\t<div data-elementor-type=\"wp-page\" data-elementor-id=\"838\" class=\"elementor elementor-838 elementor-520\" data-elementor-post-type=\"page\">\n\t\t\t\t<div class=\"elementor-element elementor-element-17ab7f1 e-flex e-con-boxed e-con e-parent\" data-id=\"17ab7f1\" data-element_type=\"container\">\n\t\t\t\t\t<div class=\"e-con-inner\">\n\t\t\t\t<div class=\"elementor-element elementor-element-8a6d3c3 elementor-widget elementor-widget-image\" data-id=\"8a6d3c3\" data-element_type=\"widget\" data-widget_type=\"image.default\">\n\t\t\t\t<div class=\"elementor-widget-container\">\n\t\t\t\t\t\t\t\t\t\t\t\t\t\t\t<img fetchpriority=\"high\" decoding=\"async\" width=\"1110\" height=\"350\" src=\"https:\/\/redes3d.com\/wp-content\/uploads\/2023\/07\/trabaja-1110x350.jpg\" class=\"attachment-slider size-slider wp-image-951 no-lazy\" alt=\"trabaja\" \/>\t\t\t\t\t\t\t\t\t\t\t\t\t\t\t<\/div>\n\t\t\t\t<\/div>\n\t\t\t\t\t<\/div>\n\t\t\t\t<\/div>\n\t\t\t\t<section class=\"elementor-section elementor-top-section elementor-element elementor-element-d5f9d91 elementor-section-boxed elementor-section-height-default elementor-section-height-default elementor-invisible\" data-id=\"d5f9d91\" data-element_type=\"section\" data-settings=\"{&quot;animation&quot;:&quot;fadeInDown&quot;}\">\n\t\t\t\t\t\t<div class=\"elementor-container elementor-column-gap-default\">\n\t\t\t\t\t<div class=\"elementor-column elementor-col-100 elementor-top-column elementor-element elementor-element-edd38f5\" data-id=\"edd38f5\" data-element_type=\"column\">\n\t\t\t<div class=\"elementor-widget-wrap elementor-element-populated\">\n\t\t\t\t\t\t<div class=\"elementor-element elementor-element-1c4b9b12 elementor-widget elementor-widget-heading\" data-id=\"1c4b9b12\" data-element_type=\"widget\" data-widget_type=\"heading.default\">\n\t\t\t\t<div class=\"elementor-widget-container\">\n\t\t\t\t\t<h1 class=\"elementor-heading-title elementor-size-default\">Careers<\/h1>\t\t\t\t<\/div>\n\t\t\t\t<\/div>\n\t\t\t\t<div class=\"elementor-element elementor-element-44f9c349 elementor-widget-divider--view-line elementor-widget elementor-widget-divider\" data-id=\"44f9c349\" data-element_type=\"widget\" data-widget_type=\"divider.default\">\n\t\t\t\t<div class=\"elementor-widget-container\">\n\t\t\t\t\t\t\t<div class=\"elementor-divider\">\n\t\t\t<span class=\"elementor-divider-separator\">\n\t\t\t\t\t\t<\/span>\n\t\t<\/div>\n\t\t\t\t\t\t<\/div>\n\t\t\t\t<\/div>\n\t\t\t\t<div class=\"elementor-element elementor-element-768313a elementor-widget elementor-widget-text-editor\" data-id=\"768313a\" data-element_type=\"widget\" data-widget_type=\"text-editor.default\">\n\t\t\t\t<div class=\"elementor-widget-container\">\n\t\t\t\t\t\t\t\t\t<p>If you are interested in joining our team, send us your CV through the following form or if you prefer, you can send your CV to the following e-mail address: redes3d@redes3d.com<\/p>\n\t\t\t\t\t\t\t\t<\/div>\n\t\t\t\t<\/div>\n\t\t\t\t<div class=\"elementor-element elementor-element-97ae2c9 elementor-widget elementor-widget-shortcode\" data-id=\"97ae2c9\" data-element_type=\"widget\" data-widget_type=\"shortcode.default\">\n\t\t\t\t<div class=\"elementor-widget-container\">\n\t\t\t\t\t\t\t<div class=\"elementor-shortcode\">\n<div class=\"wpcf7 no-js\" id=\"wpcf7-f977-o1\" lang=\"en-US\" dir=\"ltr\" data-wpcf7-id=\"977\">\n<div class=\"screen-reader-response\"><p role=\"status\" aria-live=\"polite\" aria-atomic=\"true\"><\/p> <ul><\/ul><\/div>\n<form action=\"\/en\/wp-json\/wp\/v2\/pages\/838#wpcf7-f977-o1\" method=\"post\" class=\"wpcf7-form init wpcf7-acceptance-as-validation\" aria-label=\"Contact form\" enctype=\"multipart\/form-data\" novalidate=\"novalidate\" data-status=\"init\">\n<fieldset class=\"hidden-fields-container\"><input type=\"hidden\" name=\"_wpcf7\" value=\"977\" \/><input type=\"hidden\" name=\"_wpcf7_version\" value=\"6.1.4\" \/><input type=\"hidden\" name=\"_wpcf7_locale\" value=\"en_US\" \/><input type=\"hidden\" name=\"_wpcf7_unit_tag\" value=\"wpcf7-f977-o1\" \/><input type=\"hidden\" name=\"_wpcf7_container_post\" value=\"0\" \/><input type=\"hidden\" name=\"_wpcf7_posted_data_hash\" value=\"\" \/>\n<\/fieldset>\n<div class=\"one-half\">\n\t<p><label> <span class=\"wpcf7-form-control-wrap\" data-name=\"your-name\"><input size=\"40\" maxlength=\"400\" class=\"wpcf7-form-control wpcf7-text wpcf7-validates-as-required\" aria-required=\"true\" aria-invalid=\"false\" placeholder=\"Name\" value=\"\" type=\"text\" name=\"your-name\" \/><\/span> <\/label>\n\t<\/p>\n<\/div>\n<div class=\"one-half last\">\n\t<p><label> <span class=\"wpcf7-form-control-wrap\" data-name=\"your-email\"><input size=\"40\" maxlength=\"400\" class=\"wpcf7-form-control wpcf7-email wpcf7-validates-as-required wpcf7-text wpcf7-validates-as-email\" aria-required=\"true\" aria-invalid=\"false\" placeholder=\"Email\" value=\"\" type=\"email\" name=\"your-email\" \/><\/span> <\/label>\n\t<\/p>\n<\/div>\n<div class=\"one\">\n\t<p><label>Curriculum Vitae <span class=\"wpcf7-form-control-wrap\" data-name=\"CurriculumVitae\"><input size=\"40\" class=\"wpcf7-form-control wpcf7-file\" accept=\".pdf\" aria-invalid=\"false\" type=\"file\" name=\"CurriculumVitae\" \/><\/span> <\/label>\n\t<\/p>\n<\/div>\n<div class=\"one\">\n\t<p><label> <span class=\"wpcf7-form-control-wrap\" data-name=\"your-message\"><textarea cols=\"100\" rows=\"10\" maxlength=\"2000\" class=\"wpcf7-form-control wpcf7-textarea wpcf7-validates-as-required\" aria-required=\"true\" aria-invalid=\"false\" placeholder=\"Message\" name=\"your-message\"><\/textarea><\/span> <\/label>\n\t<\/p>\n<\/div>\n<p><label class=\"aceptation\"> <span class=\"wpcf7-form-control-wrap\" data-name=\"acceptance-979\"><span class=\"wpcf7-form-control wpcf7-acceptance\"><span class=\"wpcf7-list-item\"><input type=\"checkbox\" name=\"acceptance-979\" value=\"1\" aria-invalid=\"false\" \/><\/span><\/span><\/span> I have read and accept the <a href=\"https:\/\/redes3d.com\/politica-privacidad\/\" target=\"_blank\">privacy policy<\/a><\/label>\n<\/p>\n<div class=\"submit\">\n\t<p><input class=\"wpcf7-form-control wpcf7-submit has-spinner\" type=\"submit\" value=\"Send\" \/>\n\t<\/p>\n<\/div><div class=\"wpcf7-response-output\" aria-hidden=\"true\"><\/div>\n<\/form>\n<\/div>\n<\/div>\n\t\t\t\t\t\t<\/div>\n\t\t\t\t<\/div>\n\t\t\t\t\t<\/div>\n\t\t<\/div>\n\t\t\t\t\t<\/div>\n\t\t<\/section>\n\t\t\t\t<section class=\"elementor-section elementor-top-section elementor-element elementor-element-165ad5bd elementor-section-boxed elementor-section-height-default elementor-section-height-default\" data-id=\"165ad5bd\" data-element_type=\"section\" data-settings=\"{&quot;background_background&quot;:&quot;classic&quot;}\">\n\t\t\t\t\t\t<div class=\"elementor-container elementor-column-gap-default\">\n\t\t\t\t\t<div class=\"elementor-column elementor-col-100 elementor-top-column elementor-element elementor-element-1df21a7a\" data-id=\"1df21a7a\" data-element_type=\"column\">\n\t\t\t<div class=\"elementor-widget-wrap elementor-element-populated\">\n\t\t\t\t\t\t<div class=\"elementor-element elementor-element-5a9fb3d8 elementor-widget elementor-widget-image\" data-id=\"5a9fb3d8\" data-element_type=\"widget\" data-widget_type=\"image.default\">\n\t\t\t\t<div class=\"elementor-widget-container\">\n\t\t\t\t\t\t\t\t\t\t\t\t\t\t\t<img decoding=\"async\" width=\"300\" height=\"152\" src=\"https:\/\/redes3d.com\/wp-content\/uploads\/2021\/10\/redes-3d-300x152.jpg\" class=\"attachment-medium size-medium wp-image-73 no-lazy\" alt=\"logo redes3d.com\" srcset=\"https:\/\/redes3d.com\/wp-content\/uploads\/2021\/10\/redes-3d-300x152.jpg 300w, https:\/\/redes3d.com\/wp-content\/uploads\/2021\/10\/redes-3d-510x260.jpg 510w, https:\/\/redes3d.com\/wp-content\/uploads\/2021\/10\/redes-3d.jpg 512w\" sizes=\"(max-width: 300px) 100vw, 300px\" \/>\t\t\t\t\t\t\t\t\t\t\t\t\t\t\t<\/div>\n\t\t\t\t<\/div>\n\t\t\t\t\t<\/div>\n\t\t<\/div>\n\t\t\t\t\t<\/div>\n\t\t<\/section>\n\t\t\t\t<section class=\"elementor-section elementor-top-section elementor-element elementor-element-3aad621c elementor-section-boxed elementor-section-height-default elementor-section-height-default\" data-id=\"3aad621c\" data-element_type=\"section\">\n\t\t\t\t\t\t<div class=\"elementor-container elementor-column-gap-default\">\n\t\t\t\t\t<div class=\"elementor-column elementor-col-100 elementor-top-column elementor-element elementor-element-2d7e0137 elementor-invisible\" data-id=\"2d7e0137\" data-element_type=\"column\" data-settings=\"{&quot;animation&quot;:&quot;fadeInDown&quot;}\">\n\t\t\t<div class=\"elementor-widget-wrap elementor-element-populated\">\n\t\t\t\t\t\t<div class=\"elementor-element elementor-element-5c38322 elementor-widget-divider--view-line elementor-widget elementor-widget-divider\" data-id=\"5c38322\" data-element_type=\"widget\" data-widget_type=\"divider.default\">\n\t\t\t\t<div class=\"elementor-widget-container\">\n\t\t\t\t\t\t\t<div class=\"elementor-divider\">\n\t\t\t<span class=\"elementor-divider-separator\">\n\t\t\t\t\t\t<\/span>\n\t\t<\/div>\n\t\t\t\t\t\t<\/div>\n\t\t\t\t<\/div>\n\t\t\t\t\t<\/div>\n\t\t<\/div>\n\t\t\t\t\t<\/div>\n\t\t<\/section>\n\t\t\t\t<\/div>\n\t\t","protected":false},"excerpt":{"rendered":"<p>Careers If you are interested in joining our team, send us your CV through the following form or if you prefer, you can send your CV to the following e-mail address: redes3d@redes3d.com<\/p>\n","protected":false},"author":1,"featured_media":0,"parent":0,"menu_order":0,"comment_status":"closed","ping_status":"closed","template":"","meta":{"footnotes":""},"class_list":["post-838","page","type-page","status-publish","czr-hentry"],"yoast_head":"<!-- This site is optimized with the Yoast SEO plugin v27.4 - https:\/\/yoast.com\/product\/yoast-seo-wordpress\/ -->\n<title>Work - Redes3d<\/title>\n<meta name=\"description\" content=\"Check some of the most outstanding Civil and Electrical Engineering projects developed by the company.\" \/>\n<meta name=\"robots\" content=\"index, follow, max-snippet:-1, max-image-preview:large, max-video-preview:-1\" \/>\n<link rel=\"canonical\" href=\"https:\/\/redes3d.com\/en\/work\/\" \/>\n<meta property=\"og:locale\" content=\"en_US\" \/>\n<meta property=\"og:type\" content=\"article\" \/>\n<meta property=\"og:title\" content=\"Work - Redes3d\" \/>\n<meta property=\"og:description\" content=\"Check some of the most outstanding Civil and Electrical Engineering projects developed by the company.\" \/>\n<meta property=\"og:url\" content=\"https:\/\/redes3d.com\/en\/work\/\" \/>\n<meta property=\"og:site_name\" content=\"Redes3d\" \/>\n<meta property=\"article:modified_time\" content=\"2023-07-27T11:16:46+00:00\" \/>\n<meta property=\"og:image\" content=\"https:\/\/redes3d.com\/wp-content\/uploads\/2023\/07\/trabaja-1110x350.jpg\" \/>\n<meta name=\"twitter:card\" content=\"summary_large_image\" \/>\n<script type=\"application\/ld+json\" class=\"yoast-schema-graph\">{\"@context\":\"https:\\\/\\\/schema.org\",\"@graph\":[{\"@type\":\"WebPage\",\"@id\":\"https:\\\/\\\/redes3d.com\\\/en\\\/work\\\/\",\"url\":\"https:\\\/\\\/redes3d.com\\\/en\\\/work\\\/\",\"name\":\"Work - Redes3d\",\"isPartOf\":{\"@id\":\"https:\\\/\\\/redes3d.com\\\/#website\"},\"primaryImageOfPage\":{\"@id\":\"https:\\\/\\\/redes3d.com\\\/en\\\/work\\\/#primaryimage\"},\"image\":{\"@id\":\"https:\\\/\\\/redes3d.com\\\/en\\\/work\\\/#primaryimage\"},\"thumbnailUrl\":\"https:\\\/\\\/redes3d.com\\\/wp-content\\\/uploads\\\/2023\\\/07\\\/trabaja-1110x350.jpg\",\"datePublished\":\"2021-11-05T10:59:47+00:00\",\"dateModified\":\"2023-07-27T11:16:46+00:00\",\"description\":\"Check some of the most outstanding Civil and Electrical Engineering projects developed by the company.\",\"breadcrumb\":{\"@id\":\"https:\\\/\\\/redes3d.com\\\/en\\\/work\\\/#breadcrumb\"},\"inLanguage\":\"en-US\",\"potentialAction\":[{\"@type\":\"ReadAction\",\"target\":[\"https:\\\/\\\/redes3d.com\\\/en\\\/work\\\/\"]}]},{\"@type\":\"ImageObject\",\"inLanguage\":\"en-US\",\"@id\":\"https:\\\/\\\/redes3d.com\\\/en\\\/work\\\/#primaryimage\",\"url\":\"https:\\\/\\\/redes3d.com\\\/wp-content\\\/uploads\\\/2023\\\/07\\\/trabaja-1110x350.jpg\",\"contentUrl\":\"https:\\\/\\\/redes3d.com\\\/wp-content\\\/uploads\\\/2023\\\/07\\\/trabaja-1110x350.jpg\"},{\"@type\":\"BreadcrumbList\",\"@id\":\"https:\\\/\\\/redes3d.com\\\/en\\\/work\\\/#breadcrumb\",\"itemListElement\":[{\"@type\":\"ListItem\",\"position\":1,\"name\":\"Portada\",\"item\":\"https:\\\/\\\/redes3d.com\\\/en\\\/\"},{\"@type\":\"ListItem\",\"position\":2,\"name\":\"Work\"}]},{\"@type\":\"WebSite\",\"@id\":\"https:\\\/\\\/redes3d.com\\\/#website\",\"url\":\"https:\\\/\\\/redes3d.com\\\/\",\"name\":\"Redes3d\",\"description\":\"Servicios integrales de Ingenier\u00eda, geom\u00e1tica y topograf\u00eda\",\"publisher\":{\"@id\":\"https:\\\/\\\/redes3d.com\\\/#organization\"},\"potentialAction\":[{\"@type\":\"SearchAction\",\"target\":{\"@type\":\"EntryPoint\",\"urlTemplate\":\"https:\\\/\\\/redes3d.com\\\/?s={search_term_string}\"},\"query-input\":{\"@type\":\"PropertyValueSpecification\",\"valueRequired\":true,\"valueName\":\"search_term_string\"}}],\"inLanguage\":\"en-US\"},{\"@type\":\"Organization\",\"@id\":\"https:\\\/\\\/redes3d.com\\\/#organization\",\"name\":\"Redes3d\",\"url\":\"https:\\\/\\\/redes3d.com\\\/\",\"logo\":{\"@type\":\"ImageObject\",\"inLanguage\":\"en-US\",\"@id\":\"https:\\\/\\\/redes3d.com\\\/#\\\/schema\\\/logo\\\/image\\\/\",\"url\":\"https:\\\/\\\/redes3d.com\\\/wp-content\\\/uploads\\\/2021\\\/10\\\/redes-3d.jpg\",\"contentUrl\":\"https:\\\/\\\/redes3d.com\\\/wp-content\\\/uploads\\\/2021\\\/10\\\/redes-3d.jpg\",\"width\":512,\"height\":260,\"caption\":\"Redes3d\"},\"image\":{\"@id\":\"https:\\\/\\\/redes3d.com\\\/#\\\/schema\\\/logo\\\/image\\\/\"}}]}<\/script>\n<!-- \/ Yoast SEO plugin. -->","yoast_head_json":{"title":"Work - Redes3d","description":"Check some of the most outstanding Civil and Electrical Engineering projects developed by the company.","robots":{"index":"index","follow":"follow","max-snippet":"max-snippet:-1","max-image-preview":"max-image-preview:large","max-video-preview":"max-video-preview:-1"},"canonical":"https:\/\/redes3d.com\/en\/work\/","og_locale":"en_US","og_type":"article","og_title":"Work - Redes3d","og_description":"Check some of the most outstanding Civil and Electrical Engineering projects developed by the company.","og_url":"https:\/\/redes3d.com\/en\/work\/","og_site_name":"Redes3d","article_modified_time":"2023-07-27T11:16:46+00:00","og_image":[{"url":"https:\/\/redes3d.com\/wp-content\/uploads\/2023\/07\/trabaja-1110x350.jpg","type":"","width":"","height":""}],"twitter_card":"summary_large_image","schema":{"@context":"https:\/\/schema.org","@graph":[{"@type":"WebPage","@id":"https:\/\/redes3d.com\/en\/work\/","url":"https:\/\/redes3d.com\/en\/work\/","name":"Work - Redes3d","isPartOf":{"@id":"https:\/\/redes3d.com\/#website"},"primaryImageOfPage":{"@id":"https:\/\/redes3d.com\/en\/work\/#primaryimage"},"image":{"@id":"https:\/\/redes3d.com\/en\/work\/#primaryimage"},"thumbnailUrl":"https:\/\/redes3d.com\/wp-content\/uploads\/2023\/07\/trabaja-1110x350.jpg","datePublished":"2021-11-05T10:59:47+00:00","dateModified":"2023-07-27T11:16:46+00:00","description":"Check some of the most outstanding Civil and Electrical Engineering projects developed by the company.","breadcrumb":{"@id":"https:\/\/redes3d.com\/en\/work\/#breadcrumb"},"inLanguage":"en-US","potentialAction":[{"@type":"ReadAction","target":["https:\/\/redes3d.com\/en\/work\/"]}]},{"@type":"ImageObject","inLanguage":"en-US","@id":"https:\/\/redes3d.com\/en\/work\/#primaryimage","url":"https:\/\/redes3d.com\/wp-content\/uploads\/2023\/07\/trabaja-1110x350.jpg","contentUrl":"https:\/\/redes3d.com\/wp-content\/uploads\/2023\/07\/trabaja-1110x350.jpg"},{"@type":"BreadcrumbList","@id":"https:\/\/redes3d.com\/en\/work\/#breadcrumb","itemListElement":[{"@type":"ListItem","position":1,"name":"Portada","item":"https:\/\/redes3d.com\/en\/"},{"@type":"ListItem","position":2,"name":"Work"}]},{"@type":"WebSite","@id":"https:\/\/redes3d.com\/#website","url":"https:\/\/redes3d.com\/","name":"Redes3d","description":"Servicios integrales de Ingenier\u00eda, geom\u00e1tica y topograf\u00eda","publisher":{"@id":"https:\/\/redes3d.com\/#organization"},"potentialAction":[{"@type":"SearchAction","target":{"@type":"EntryPoint","urlTemplate":"https:\/\/redes3d.com\/?s={search_term_string}"},"query-input":{"@type":"PropertyValueSpecification","valueRequired":true,"valueName":"search_term_string"}}],"inLanguage":"en-US"},{"@type":"Organization","@id":"https:\/\/redes3d.com\/#organization","name":"Redes3d","url":"https:\/\/redes3d.com\/","logo":{"@type":"ImageObject","inLanguage":"en-US","@id":"https:\/\/redes3d.com\/#\/schema\/logo\/image\/","url":"https:\/\/redes3d.com\/wp-content\/uploads\/2021\/10\/redes-3d.jpg","contentUrl":"https:\/\/redes3d.com\/wp-content\/uploads\/2021\/10\/redes-3d.jpg","width":512,"height":260,"caption":"Redes3d"},"image":{"@id":"https:\/\/redes3d.com\/#\/schema\/logo\/image\/"}}]}},"_links":{"self":[{"href":"https:\/\/redes3d.com\/en\/wp-json\/wp\/v2\/pages\/838","targetHints":{"allow":["GET"]}}],"collection":[{"href":"https:\/\/redes3d.com\/en\/wp-json\/wp\/v2\/pages"}],"about":[{"href":"https:\/\/redes3d.com\/en\/wp-json\/wp\/v2\/types\/page"}],"author":[{"embeddable":true,"href":"https:\/\/redes3d.com\/en\/wp-json\/wp\/v2\/users\/1"}],"replies":[{"embeddable":true,"href":"https:\/\/redes3d.com\/en\/wp-json\/wp\/v2\/comments?post=838"}],"version-history":[{"count":7,"href":"https:\/\/redes3d.com\/en\/wp-json\/wp\/v2\/pages\/838\/revisions"}],"predecessor-version":[{"id":980,"href":"https:\/\/redes3d.com\/en\/wp-json\/wp\/v2\/pages\/838\/revisions\/980"}],"wp:attachment":[{"href":"https:\/\/redes3d.com\/en\/wp-json\/wp\/v2\/media?parent=838"}],"curies":[{"name":"wp","href":"https:\/\/api.w.org\/{rel}","templated":true}]}}