{"id":868,"date":"2021-10-30T19:07:51","date_gmt":"2021-10-30T19:07:51","guid":{"rendered":"https:\/\/redes3d.com\/privacy-policy\/"},"modified":"2023-07-07T09:44:34","modified_gmt":"2023-07-07T09:44:34","slug":"privacy-policy","status":"publish","type":"page","link":"https:\/\/redes3d.com\/en\/privacy-policy\/","title":{"rendered":"Privacy Policy"},"content":{"rendered":"\t\t<div data-elementor-type=\"wp-page\" data-elementor-id=\"868\" class=\"elementor elementor-868 elementor-59\" data-elementor-post-type=\"page\">\n\t\t\t\t\t\t<section class=\"elementor-section elementor-top-section elementor-element elementor-element-4e85d62a elementor-section-boxed elementor-section-height-default elementor-section-height-default\" data-id=\"4e85d62a\" data-element_type=\"section\">\n\t\t\t\t\t\t<div class=\"elementor-container elementor-column-gap-default\">\n\t\t\t\t\t<div class=\"elementor-column elementor-col-100 elementor-top-column elementor-element elementor-element-60dea2ad\" data-id=\"60dea2ad\" data-element_type=\"column\" data-settings=\"{&quot;background_background&quot;:&quot;classic&quot;}\">\n\t\t\t<div class=\"elementor-widget-wrap elementor-element-populated\">\n\t\t\t\t\t\t<div class=\"elementor-element elementor-element-53f58f68 elementor-invisible elementor-widget elementor-widget-heading\" data-id=\"53f58f68\" data-element_type=\"widget\" data-settings=\"{&quot;_animation&quot;:&quot;fadeInLeft&quot;}\" data-widget_type=\"heading.default\">\n\t\t\t\t<div class=\"elementor-widget-container\">\n\t\t\t\t\t<h2 class=\"elementor-heading-title elementor-size-default\">DATA POLICY AND PRIVACY POLICY<\/h2>\t\t\t\t<\/div>\n\t\t\t\t<\/div>\n\t\t\t\t\t<\/div>\n\t\t<\/div>\n\t\t\t\t\t<\/div>\n\t\t<\/section>\n\t\t\t\t<section class=\"elementor-section elementor-top-section elementor-element elementor-element-6b58d72d elementor-section-boxed elementor-section-height-default elementor-section-height-default\" data-id=\"6b58d72d\" data-element_type=\"section\">\n\t\t\t\t\t\t<div class=\"elementor-container elementor-column-gap-default\">\n\t\t\t\t\t<div class=\"elementor-column elementor-col-100 elementor-top-column elementor-element elementor-element-7a5366f3\" data-id=\"7a5366f3\" data-element_type=\"column\">\n\t\t\t<div class=\"elementor-widget-wrap elementor-element-populated\">\n\t\t\t\t\t\t<div class=\"elementor-element elementor-element-3e513c3c elementor-invisible elementor-widget elementor-widget-text-editor\" data-id=\"3e513c3c\" data-element_type=\"widget\" data-settings=\"{&quot;_animation&quot;:&quot;fadeInUp&quot;}\" data-widget_type=\"text-editor.default\">\n\t\t\t\t<div class=\"elementor-widget-container\">\n\t\t\t\t\t\t\t\t\t<h2>DATA PROTECTION<\/h2>\n<h3>OWNERSHIP AND BASIC INFORMATION<\/h3>\n<h4>RESPONSIBLE<\/h4>\n<p>In compliance with Article 10 of Law 34\/2002, of July 11, 2002, on Information Society Services and Electronic Commerce, it is hereby stated:<\/p>\n<p>Who is responsible for the processing of your data?<\/p>\n<ul>\n<li>Name: ASISTENCIA INTEGRAL REDES 3 DIMENSIONES S.L.<\/li>\n<li>Address: C\/ NOTARIO ALFONSO LUIS S\u00c1NCHEZ FERN\u00c1NDEZ S\u00c1NCHEZ, 41 23009 JA\u00c9N<\/li>\n<li>Telephone: 953 960095<\/li>\n<li>Email: <a href=\"mailto:redes3d@redes3d.com\">REDES3D@REDES3D.COM<\/a><\/li>\n<li>Website: <strong>REDES3D.COM<\/strong><\/li>\n<\/ul>\n<p>You can contact us in any way to communicate with us.<\/p>\n<h4>PURPOSE<\/h4>\n<p>Provide the services offered through the web or attend other types of relationships that may arise with ASISTENCIA INTEGRAL REDES 3 DIMENSIONES S.L. as a result of the requests, formalities or procedures that the user makes through the web, as well as the management of sending information and commercial communications at the request of the user.<\/p>\n<h4>LEGITIMACY<\/h4>\n<p>Organic Law 15\/1999, of December 13, on the Protection of Personal Data (hereinafter, &#8220;LOPD&#8221;) and Royal Decree 1720\/2007, of December 21, approving the Regulations for the Development of Organic Law 15\/1999 (RLOPD), Regulation (EU) 2016\/679 of the EP and of the Council of April 27, 2016, whose rules will be mandatory as of May 2018.<\/p>\n<h4>TARGET<\/h4>\n<p>Automated internal file of ASISTENCIA INTEGRAL REDES 3 DIMENSIONES S.L. and third parties for the development, maintenance and control of the legal relationship established when there is legal authorization by the user to do so.<\/p>\n<h4>RIGHTS<\/h4>\n<p>Access, rectification, portability, limitation of treatment, opposition and cancellation.<\/p>\n<h2>PRIVACY POLICY<\/h2>\n<p>This Privacy and Cookies Policy regulates the processing of personal data carried out as a result of access and use of the website REDES3D.COM (hereinafter, &#8220;the website&#8221;) owned by ASISTENCIA INTEGRAL REDES 3 DIMENSIONES S.L. with C.I.F. B23626872 and domiciled at C\/ NOTARIO ALFONSO LUIS S\u00c1NCHEZ FERN\u00c1NDEZ, 41 C.P. 23009 in JA\u00c9N. Likewise, this Policy informs about the Cookies used on the web.<\/p>\n<p>The use of the website attributes the condition of user (hereinafter, the &#8220;User&#8221;) and implies knowledge and acceptance of all the conditions included in this Privacy Policy. The User must carefully read this Privacy Policy each time he\/she intends to use the website, as it may be subject to change.<\/p>\n<h4>COLLECTION, PROCESSING AND USE OF PERSONAL DATA ON THE WEB.<\/h4>\n<p>Based on the provisions of Law 15\/1999, of December 13, Protection of Personal Data (hereinafter &#8220;LOPD&#8221;) and Royal Decree 1720\/2006.9, of December 21, approving the Regulation of Development of Law 15\/1999 (RLOPD), we inform you that to make use of some of the services offered by our website, it may be necessary to provide certain personal data that will be incorporated into automated files.<\/p>\n<p>In compliance with the new provisions of Regulation (EU) 2016\/679 of the EP and the Council of 27 April 2016 , whose rules are mandatory as of May 2018, concerning the protection of individuals with regard to the processing of personal data and the free movement of such data and repealing Directive 95\/46\/EC ( General Data Protection Regulation ), we inform that the data controller is ASISTENCIA INTEGRAL REDES 3 DIMENSIONES S.L. with registered office at C\/ NOTARIO ALFONSO LUIS LUIS S\u00c1NCHEZ FERN\u00c1NDEZ, 41 C.P. 23009 in JA\u00c9N. Both the facilities and the computer system of ASISTENCIA INTEGRAL REDES 3 DIMENSIONES S.L., comply with the security measures established in these regulations.<\/p>\n<p>In general, the data collected will be processed in order to provide the services offered through the web or to attend other types of relationships that may arise with ASISTENCIA INTEGRAL REDES 3 DIMENSIONES S.L. as a result of the requests, procedures or formalities that the User may carry out through the web. The data to be processed will be those provided to us through the forms contained in the page at any time or through emails that the User sends to the email addresses identified in the same, as well as those others that are generated during the maintenance of the corresponding relationship.<\/p>\n<p>All fields marked as mandatory in any of the forms must be filled in, so that the omission of any of them may make it impossible for us to respond to your request or provide you with the corresponding services.<\/p>\n<p>Additionally, during such data collection, your consent may be requested for a number of other purposes that are not directly related to the corresponding service or relationship. If you do not agree to such additional processing, please check or uncheck the appropriate box.<\/p>\n<p>These data will be those provided voluntarily by the customer, in three cases, which are listed below:<\/p>\n<ul>\n<li>By subscribing to the Newsletter.<\/li>\n<li>By leaving your opinion on the Blog.<\/li>\n<li>When contracting any of the services offered.<\/li>\n<\/ul>\n<p>If you do not wish to receive any type of information about our courses and training programs, please send an e-mail to redes3d@redes3d.com, indicating &#8220;UNSUBSCRIBE REQUEST&#8221; in the subject line.<\/p>\n<h3>NEWSLETTER<\/h3>\n<h4>WHAT DATA DO WE COLLECT THROUGH THE NEWSLETTER?<\/h4>\n<p>By signing up for our services, you provide us with an e-mail address to which we can send you our newsletter. We will store only your email address in our database, and we will proceed to send you periodic emails, until you unsubscribe, or we stop sending emails. The receipt of this newsletter does not affect the provision of our services.<\/p>\n<p>You will always have the option to unsubscribe, in any communication.<\/p>\n<h4>FOR WHAT PURPOSES WILL WE PROCESS YOUR PERSONAL DATA?<\/h4>\n<ul>\n<li>Manage the requested service.<\/li>\n<li>Information by electronic means, related to your request.<\/li>\n<li>Commercial or event information by electronic means, provided there is express authorization.<\/li>\n<li>Perform analysis and improvements in mailing, to improve our commercial strategy.<\/li>\n<\/ul>\n<p>What is the legitimacy for the processing of your data?<\/p>\n<p>Acceptance and consent of the interested party: In those cases where you subscribe it will be necessary to accept a checkbox and click on the send button. This will necessarily imply that you have been informed and have expressly given your consent to receive the newsletter.<\/p>\n<p>If you do not check the checkbox to accept the privacy policy, the information will not be allowed to be sent. It usually has the following formula:<br \/>&#8220;\u25a1 I have read and agree to the Privacy Policy.&#8221;<\/p>\n<h4>COMMUNICATION OR TRANSFER OF DATA<\/h4>\n<p>The data collected on the REDES3D.COM website will only be communicated to other companies for the development, maintenance and control of the legal relationship that is established or when there is legal authorization to do so.<\/p>\n<p>The user&#8217;s acceptance that their data may be processed or transferred in the manner established in this paragraph, is always revocable, without retroactive effect, in accordance with the provisions of Articles 6 and 11 of Law 15\/1999 of December 13.<\/p>\n<p>Outside the cases provided for in the preceding paragraph, ASISTENCIA INTEGRAL REDES 3 DIMENSIONES S.L. will not communicate the personal data of the Users to any other third party, except when your prior consent to do so is obtained in the legally required manner.<\/p>\n<h4>ACCURACY, UPDATING AND PRESERVATION OF USERS&#8217; PERSONAL DATA<\/h4>\n<p>By sending us your data through the forms provided or by e-mail to the corresponding mailboxes, the User declares that the information and data provided are accurate and truthful, as well as that he\/she is over 18 years of age. The services of the website are not directed to minors under 18 years of age, so we do not foresee parental consent in any case. It shall be the User&#8217;s responsibility to keep all personal data permanently updated.<\/p>\n<p>ASISTENCIA INTEGRAL REDES 3 DIMENSIONES S.L. will keep the personal data as long as it is necessary to provide the services or attend the requests of the Users and, in any case, for the periods legally foreseen for each case.<\/p>\n<h4>MINORS<\/h4>\n<p>ASISTENCIA INTEGRAL REDES 3 DIMENSIONES S.L. will never use this data for inappropriate purposes in relation to the age of the minor, but will do so in accordance with the age, knowledge and maturity of this target audience. In addition, ASISTENCIA INTEGRAL REDES 3 DIMENSIONES S.L. will not collect data related to the privacy of your family members. ASISTENCIA INTEGRAL REDES 3 DIMENSIONES S.L. will provide parents or guardians the possibility to exercise their rights of access, cancellation, rectification and opposition of the data of their children or guardians and will encourage minors to consult with them before providing personal data. In the case of minors under fourteen years of age, they must provide ASISTENCIA INTEGRAL REDES 3 DIMENSIONES S.L. with written authorization from their parents, guardians or legal representatives, consenting to the processing of their data.<\/p>\n<h4>EXERCISE OF THE RIGHTS OF ACCESS, RECTIFICATION, ERASURE, OPPOSITION, LIMITATION OF PROCESSING AND DATA PORTABILITY.<\/h4>\n<p>Users may object to the processing of any of their data that are not essential for the provision of services offered on the website and its use for any purpose other than the maintenance of their relationship with the specified therein.<\/p>\n<p>Users are duly informed and may therefore exercise, at any time, their rights of access, rectification, deletion, opposition, limitation of processing and portability of their data, as well as revoke their consent or exercise their right to be forgotten in the terms provided by law, by contacting the following email address: INFO@REDES3D.COMo to the following postal address: AVDA. ANDALUC\u00cdA 72, 23006 DE JAEN and enclosing a copy of the document proving their identity.<\/p>\n<h4>COMMERCIAL COMMUNICATIONS<\/h4>\n<p>In those cases in which the User has given his consent to receive commercial communications, ASISTENCIA INTEGRAL REDES 3 DIMENSIONES S.L. may send to the Users commercial or advertising information by any means, including electronic means (e-mail, SMS, etc.), either of a general nature or adapted to their personal characteristics, about its products and services, including participation in sweepstakes, events and satisfaction surveys.<\/p>\n<p>In any case, the User may object to the sending of commercial communications at any time by sending a communication to the postal or electronic addresses provided in the previous section or by using the specific means recognized in the commercial communications sent to him\/her.<\/p>\n<h4>LINKED SITES<\/h4>\n<p>The web may contain links to other web sites outside ASISTENCIA INTEGRAL REDES 3 DIMENSIONES S.L., so we cannot guarantee and are not responsible for the treatment of the personal data provided by the user in those web sites. Accordingly, we recommend that you review the privacy policies of those sites.<\/p>\n\t\t\t\t\t\t\t\t<\/div>\n\t\t\t\t<\/div>\n\t\t\t\t\t<\/div>\n\t\t<\/div>\n\t\t\t\t\t<\/div>\n\t\t<\/section>\n\t\t\t\t<\/div>\n\t\t","protected":false},"excerpt":{"rendered":"<p>DATA POLICY AND PRIVACY POLICY DATA PROTECTION OWNERSHIP AND BASIC INFORMATION RESPONSIBLE In compliance with Article 10 of Law 34\/2002, of July 11, 2002, on Information Society Services and Electronic Commerce, it is hereby stated: Who is responsible for the processing of your data? Name: ASISTENCIA INTEGRAL REDES 3 DIMENSIONES S.L. Address: C\/ NOTARIO ALFONSO [&hellip;]<\/p>\n","protected":false},"author":1,"featured_media":0,"parent":0,"menu_order":0,"comment_status":"closed","ping_status":"closed","template":"","meta":{"footnotes":""},"class_list":["post-868","page","type-page","status-publish","czr-hentry"],"yoast_head":"<!-- This site is optimized with the Yoast SEO plugin v27.5 - https:\/\/yoast.com\/product\/yoast-seo-wordpress\/ -->\n<title>Privacy Policy - Redes3d<\/title>\n<meta name=\"description\" content=\"The Privacy Policy informs you about the treatment and protection of users&#039; personal data.\" \/>\n<meta name=\"robots\" content=\"index, follow, max-snippet:-1, max-image-preview:large, max-video-preview:-1\" \/>\n<link rel=\"canonical\" href=\"https:\/\/redes3d.com\/en\/?page_id=868\" \/>\n<meta property=\"og:locale\" content=\"en_US\" \/>\n<meta property=\"og:type\" content=\"article\" \/>\n<meta property=\"og:title\" content=\"Privacy Policy - Redes3d\" \/>\n<meta property=\"og:description\" content=\"The Privacy Policy informs you about the treatment and protection of users&#039; personal data.\" \/>\n<meta property=\"og:url\" content=\"https:\/\/redes3d.com\/en\/?page_id=868\" \/>\n<meta property=\"og:site_name\" content=\"Redes3d\" \/>\n<meta property=\"article:modified_time\" content=\"2023-07-07T09:44:34+00:00\" \/>\n<meta name=\"twitter:card\" content=\"summary_large_image\" \/>\n<meta name=\"twitter:label1\" content=\"Est. reading time\" \/>\n\t<meta name=\"twitter:data1\" content=\"8 minutes\" \/>\n<script type=\"application\/ld+json\" class=\"yoast-schema-graph\">{\"@context\":\"https:\\\/\\\/schema.org\",\"@graph\":[{\"@type\":\"WebPage\",\"@id\":\"https:\\\/\\\/redes3d.com\\\/en\\\/?page_id=868\",\"url\":\"https:\\\/\\\/redes3d.com\\\/en\\\/?page_id=868\",\"name\":\"Privacy Policy - Redes3d\",\"isPartOf\":{\"@id\":\"https:\\\/\\\/redes3d.com\\\/#website\"},\"datePublished\":\"2021-10-30T19:07:51+00:00\",\"dateModified\":\"2023-07-07T09:44:34+00:00\",\"description\":\"The Privacy Policy informs you about the treatment and protection of users' personal data.\",\"breadcrumb\":{\"@id\":\"https:\\\/\\\/redes3d.com\\\/en\\\/?page_id=868#breadcrumb\"},\"inLanguage\":\"en-US\",\"potentialAction\":[{\"@type\":\"ReadAction\",\"target\":[\"https:\\\/\\\/redes3d.com\\\/en\\\/?page_id=868\"]}]},{\"@type\":\"BreadcrumbList\",\"@id\":\"https:\\\/\\\/redes3d.com\\\/en\\\/?page_id=868#breadcrumb\",\"itemListElement\":[{\"@type\":\"ListItem\",\"position\":1,\"name\":\"Portada\",\"item\":\"https:\\\/\\\/redes3d.com\\\/en\\\/\"},{\"@type\":\"ListItem\",\"position\":2,\"name\":\"Privacy Policy\"}]},{\"@type\":\"WebSite\",\"@id\":\"https:\\\/\\\/redes3d.com\\\/#website\",\"url\":\"https:\\\/\\\/redes3d.com\\\/\",\"name\":\"Redes3d\",\"description\":\"Servicios integrales de Ingenier\u00eda, geom\u00e1tica y topograf\u00eda\",\"publisher\":{\"@id\":\"https:\\\/\\\/redes3d.com\\\/#organization\"},\"potentialAction\":[{\"@type\":\"SearchAction\",\"target\":{\"@type\":\"EntryPoint\",\"urlTemplate\":\"https:\\\/\\\/redes3d.com\\\/?s={search_term_string}\"},\"query-input\":{\"@type\":\"PropertyValueSpecification\",\"valueRequired\":true,\"valueName\":\"search_term_string\"}}],\"inLanguage\":\"en-US\"},{\"@type\":\"Organization\",\"@id\":\"https:\\\/\\\/redes3d.com\\\/#organization\",\"name\":\"Redes3d\",\"url\":\"https:\\\/\\\/redes3d.com\\\/\",\"logo\":{\"@type\":\"ImageObject\",\"inLanguage\":\"en-US\",\"@id\":\"https:\\\/\\\/redes3d.com\\\/#\\\/schema\\\/logo\\\/image\\\/\",\"url\":\"https:\\\/\\\/redes3d.com\\\/wp-content\\\/uploads\\\/2021\\\/10\\\/redes-3d.jpg\",\"contentUrl\":\"https:\\\/\\\/redes3d.com\\\/wp-content\\\/uploads\\\/2021\\\/10\\\/redes-3d.jpg\",\"width\":512,\"height\":260,\"caption\":\"Redes3d\"},\"image\":{\"@id\":\"https:\\\/\\\/redes3d.com\\\/#\\\/schema\\\/logo\\\/image\\\/\"}}]}<\/script>\n<!-- \/ Yoast SEO plugin. -->","yoast_head_json":{"title":"Privacy Policy - Redes3d","description":"The Privacy Policy informs you about the treatment and protection of users' personal data.","robots":{"index":"index","follow":"follow","max-snippet":"max-snippet:-1","max-image-preview":"max-image-preview:large","max-video-preview":"max-video-preview:-1"},"canonical":"https:\/\/redes3d.com\/en\/?page_id=868","og_locale":"en_US","og_type":"article","og_title":"Privacy Policy - Redes3d","og_description":"The Privacy Policy informs you about the treatment and protection of users' personal data.","og_url":"https:\/\/redes3d.com\/en\/?page_id=868","og_site_name":"Redes3d","article_modified_time":"2023-07-07T09:44:34+00:00","twitter_card":"summary_large_image","twitter_misc":{"Est. reading time":"8 minutes"},"schema":{"@context":"https:\/\/schema.org","@graph":[{"@type":"WebPage","@id":"https:\/\/redes3d.com\/en\/?page_id=868","url":"https:\/\/redes3d.com\/en\/?page_id=868","name":"Privacy Policy - Redes3d","isPartOf":{"@id":"https:\/\/redes3d.com\/#website"},"datePublished":"2021-10-30T19:07:51+00:00","dateModified":"2023-07-07T09:44:34+00:00","description":"The Privacy Policy informs you about the treatment and protection of users' personal data.","breadcrumb":{"@id":"https:\/\/redes3d.com\/en\/?page_id=868#breadcrumb"},"inLanguage":"en-US","potentialAction":[{"@type":"ReadAction","target":["https:\/\/redes3d.com\/en\/?page_id=868"]}]},{"@type":"BreadcrumbList","@id":"https:\/\/redes3d.com\/en\/?page_id=868#breadcrumb","itemListElement":[{"@type":"ListItem","position":1,"name":"Portada","item":"https:\/\/redes3d.com\/en\/"},{"@type":"ListItem","position":2,"name":"Privacy Policy"}]},{"@type":"WebSite","@id":"https:\/\/redes3d.com\/#website","url":"https:\/\/redes3d.com\/","name":"Redes3d","description":"Servicios integrales de Ingenier\u00eda, geom\u00e1tica y topograf\u00eda","publisher":{"@id":"https:\/\/redes3d.com\/#organization"},"potentialAction":[{"@type":"SearchAction","target":{"@type":"EntryPoint","urlTemplate":"https:\/\/redes3d.com\/?s={search_term_string}"},"query-input":{"@type":"PropertyValueSpecification","valueRequired":true,"valueName":"search_term_string"}}],"inLanguage":"en-US"},{"@type":"Organization","@id":"https:\/\/redes3d.com\/#organization","name":"Redes3d","url":"https:\/\/redes3d.com\/","logo":{"@type":"ImageObject","inLanguage":"en-US","@id":"https:\/\/redes3d.com\/#\/schema\/logo\/image\/","url":"https:\/\/redes3d.com\/wp-content\/uploads\/2021\/10\/redes-3d.jpg","contentUrl":"https:\/\/redes3d.com\/wp-content\/uploads\/2021\/10\/redes-3d.jpg","width":512,"height":260,"caption":"Redes3d"},"image":{"@id":"https:\/\/redes3d.com\/#\/schema\/logo\/image\/"}}]}},"_links":{"self":[{"href":"https:\/\/redes3d.com\/en\/wp-json\/wp\/v2\/pages\/868","targetHints":{"allow":["GET"]}}],"collection":[{"href":"https:\/\/redes3d.com\/en\/wp-json\/wp\/v2\/pages"}],"about":[{"href":"https:\/\/redes3d.com\/en\/wp-json\/wp\/v2\/types\/page"}],"author":[{"embeddable":true,"href":"https:\/\/redes3d.com\/en\/wp-json\/wp\/v2\/users\/1"}],"replies":[{"embeddable":true,"href":"https:\/\/redes3d.com\/en\/wp-json\/wp\/v2\/comments?post=868"}],"version-history":[{"count":3,"href":"https:\/\/redes3d.com\/en\/wp-json\/wp\/v2\/pages\/868\/revisions"}],"predecessor-version":[{"id":873,"href":"https:\/\/redes3d.com\/en\/wp-json\/wp\/v2\/pages\/868\/revisions\/873"}],"wp:attachment":[{"href":"https:\/\/redes3d.com\/en\/wp-json\/wp\/v2\/media?parent=868"}],"curies":[{"name":"wp","href":"https:\/\/api.w.org\/{rel}","templated":true}]}}